{"id":52171,"date":"2025-03-14T14:11:24","date_gmt":"2025-03-14T14:11:24","guid":{"rendered":"https:\/\/cummingscentre.org\/cjcs-foundation\/"},"modified":"2025-07-03T16:39:25","modified_gmt":"2025-07-03T16:39:25","slug":"fondation-cjca","status":"publish","type":"page","link":"https:\/\/cummingscentre.org\/fr\/fondation-cjca\/","title":{"rendered":"Fondation CJCA"},"content":{"rendered":"\t\t<div data-elementor-type=\"wp-post\" data-elementor-id=\"52171\" class=\"elementor elementor-52171 elementor-50406\" data-elementor-post-type=\"page\">\n\t\t\t\t<div class=\"elementor-element elementor-element-6f18274 e-flex e-con-boxed wpr-particle-no wpr-jarallax-no wpr-parallax-no wpr-sticky-section-no e-con e-parent\" data-id=\"6f18274\" data-element_type=\"container\" data-e-type=\"container\">\n\t\t\t\t\t<div class=\"e-con-inner\">\n\t\t<div class=\"elementor-element elementor-element-0300c02 e-con-full e-flex wpr-particle-no wpr-jarallax-no wpr-parallax-no wpr-sticky-section-no e-con e-child\" data-id=\"0300c02\" data-element_type=\"container\" data-e-type=\"container\">\n\t\t\t\t<div class=\"elementor-element elementor-element-db076d8 elementor-invisible elementor-widget elementor-widget-heading\" data-id=\"db076d8\" data-element_type=\"widget\" data-e-type=\"widget\" data-settings=\"{&quot;_animation&quot;:&quot;fadeIn&quot;,&quot;_animation_delay&quot;:600}\" data-widget_type=\"heading.default\">\n\t\t\t\t<div class=\"elementor-widget-container\">\n\t\t\t\t\t<h2 class=\"elementor-heading-title elementor-size-default\">Fondation CJCA<\/h2>\t\t\t\t<\/div>\n\t\t\t\t<\/div>\n\t\t\t\t<div class=\"elementor-element elementor-element-7400c23 elementor-invisible elementor-widget elementor-widget-text-editor\" data-id=\"7400c23\" data-element_type=\"widget\" data-e-type=\"widget\" data-settings=\"{&quot;_animation&quot;:&quot;fadeIn&quot;,&quot;_animation_delay&quot;:800}\" data-widget_type=\"text-editor.default\">\n\t\t\t\t<div class=\"elementor-widget-container\">\n\t\t\t\t\t\t\t\t\t<p>La Fondation du Centre Cummings recueille des fonds pour enrichir et pr\u00e9server la qualit\u00e9 de vie de la population croissante des personnes \u00e2g\u00e9es que sert le Centre Cummings. La Fondation consacre son \u00e9nergie \u00e0 amasser des fonds en vue d\u2019offrir des programmes et des services sociaux essentiels qui am\u00e9liorent et prot\u00e8gent le bien-\u00eatre de la communaut\u00e9 des personnes \u00e2g\u00e9es, en constante augmentation. Chaque ann\u00e9e, plus de 10 000 personnes \u00e2g\u00e9es b\u00e9n\u00e9ficient des fonds amass\u00e9s par notre Fondation.<\/p><p>Un financement durable est essentiel au maintien des programmes et services cruciaux offerts par le Centre Cummings. Chaque dollar recueilli par la Fondation du Centre Cummings a un impact direct sur la vie des personnes \u00e2g\u00e9es de notre communaut\u00e9, apportant ainsi des changements significatifs.<\/p><p><span style=\"font-weight: 400;\">Pour en savoir davantage sur notre Fondation, rendez-vous \u00e0 : <\/span><span style=\"text-decoration: underline; color: #008bcc;\"><a style=\"color: #008bcc;\" href=\"https:\/\/cjcsfoundation.org\/fr\/a-propos-de-notre-fondation\/\" target=\"_blank\" rel=\"noopener\"><span style=\"font-weight: 400;\">https:\/\/cjcsfoundation.org\/fr\/a-propos-de-notre-fondation\/<\/span><\/a><\/span><\/p>\t\t\t\t\t\t\t\t<\/div>\n\t\t\t\t<\/div>\n\t\t\t\t<\/div>\n\t\t<div class=\"elementor-element elementor-element-819e74b e-con-full e-flex wpr-particle-no wpr-jarallax-no wpr-parallax-no wpr-sticky-section-no elementor-invisible e-con e-child\" data-id=\"819e74b\" data-element_type=\"container\" data-e-type=\"container\" data-settings=\"{&quot;animation&quot;:&quot;fadeInRight&quot;,&quot;animation_delay&quot;:1200}\">\n\t\t\t\t<div class=\"elementor-element elementor-element-7762cea elementor-widget elementor-widget-image\" data-id=\"7762cea\" data-element_type=\"widget\" data-e-type=\"widget\" data-widget_type=\"image.default\">\n\t\t\t\t<div class=\"elementor-widget-container\">\n\t\t\t\t\t\t\t\t\t\t\t\t\t\t\t<img fetchpriority=\"high\" decoding=\"async\" width=\"800\" height=\"599\" src=\"https:\/\/cummingscentre.org\/wp-content\/uploads\/cjcs-header.jpg\" class=\"attachment-full size-full wp-image-51364\" alt=\"Compassionate care giver providing care for a Montreal senior citizen at The Cummings Centre\" srcset=\"https:\/\/cummingscentre.org\/wp-content\/uploads\/cjcs-header.jpg 800w, https:\/\/cummingscentre.org\/wp-content\/uploads\/cjcs-header-300x225.jpg 300w, https:\/\/cummingscentre.org\/wp-content\/uploads\/cjcs-header-768x575.jpg 768w\" sizes=\"(max-width: 800px) 100vw, 800px\" \/>\t\t\t\t\t\t\t\t\t\t\t\t\t\t\t<\/div>\n\t\t\t\t<\/div>\n\t\t\t\t<\/div>\n\t\t\t\t\t<\/div>\n\t\t\t\t<\/div>\n\t\t<div class=\"elementor-element elementor-element-7fc1569 e-flex e-con-boxed wpr-particle-no wpr-jarallax-no wpr-parallax-no wpr-sticky-section-no e-con e-parent\" data-id=\"7fc1569\" data-element_type=\"container\" data-e-type=\"container\" data-settings=\"{&quot;background_background&quot;:&quot;classic&quot;}\">\n\t\t\t\t\t<div class=\"e-con-inner\">\n\t\t<div class=\"elementor-element elementor-element-610872b e-con-full e-flex wpr-particle-no wpr-jarallax-no wpr-parallax-no wpr-sticky-section-no elementor-invisible e-con e-child\" data-id=\"610872b\" data-element_type=\"container\" data-e-type=\"container\" data-settings=\"{&quot;animation&quot;:&quot;fadeIn&quot;,&quot;animation_delay&quot;:200}\">\n\t\t\t\t<div class=\"elementor-element elementor-element-f25d5bd elementor-hidden-desktop elementor-hidden-tablet elementor-invisible elementor-widget elementor-widget-heading\" data-id=\"f25d5bd\" data-element_type=\"widget\" data-e-type=\"widget\" data-settings=\"{&quot;_animation&quot;:&quot;fadeIn&quot;,&quot;_animation_delay&quot;:200}\" data-widget_type=\"heading.default\">\n\t\t\t\t<div class=\"elementor-widget-container\">\n\t\t\t\t\t<h2 class=\"elementor-heading-title elementor-size-default\">L'importance de soutenir la Fondation du Centre Cummings<\/h2>\t\t\t\t<\/div>\n\t\t\t\t<\/div>\n\t\t\t\t<div class=\"elementor-element elementor-element-7db97bd elementor-hidden-mobile elementor-invisible elementor-widget elementor-widget-heading\" data-id=\"7db97bd\" data-element_type=\"widget\" data-e-type=\"widget\" data-settings=\"{&quot;_animation&quot;:&quot;fadeIn&quot;,&quot;_animation_delay&quot;:200}\" data-widget_type=\"heading.default\">\n\t\t\t\t<div class=\"elementor-widget-container\">\n\t\t\t\t\t<h2 class=\"elementor-heading-title elementor-size-default\">L'importance de soutenir la <br \/> Fondation du Centre Cummings<\/h2>\t\t\t\t<\/div>\n\t\t\t\t<\/div>\n\t\t\t\t<div class=\"elementor-element elementor-element-25a1195 elementor-widget-divider--view-line elementor-invisible elementor-widget elementor-widget-divider\" data-id=\"25a1195\" data-element_type=\"widget\" data-e-type=\"widget\" data-settings=\"{&quot;_animation&quot;:&quot;fadeIn&quot;,&quot;_animation_delay&quot;:400}\" data-widget_type=\"divider.default\">\n\t\t\t\t<div class=\"elementor-widget-container\">\n\t\t\t\t\t\t\t<div class=\"elementor-divider\">\n\t\t\t<span class=\"elementor-divider-separator\">\n\t\t\t\t\t\t<\/span>\n\t\t<\/div>\n\t\t\t\t\t\t<\/div>\n\t\t\t\t<\/div>\n\t\t\t\t<\/div>\n\t\t<div class=\"elementor-element elementor-element-8aa6730 e-con-full e-flex wpr-particle-no wpr-jarallax-no wpr-parallax-no wpr-sticky-section-no e-con e-child\" data-id=\"8aa6730\" data-element_type=\"container\" data-e-type=\"container\">\n\t\t\t\t<div class=\"elementor-element elementor-element-c244ab3 elementor-invisible elementor-widget elementor-widget-video\" data-id=\"c244ab3\" data-element_type=\"widget\" data-e-type=\"widget\" data-settings=\"{&quot;youtube_url&quot;:&quot;https:\\\/\\\/youtu.be\\\/CVk_PGEa01g?si=xvwPP05qNGvd0WmP&quot;,&quot;autoplay&quot;:&quot;yes&quot;,&quot;play_on_mobile&quot;:&quot;yes&quot;,&quot;lazy_load&quot;:&quot;yes&quot;,&quot;show_image_overlay&quot;:&quot;yes&quot;,&quot;image_overlay&quot;:{&quot;url&quot;:&quot;https:\\\/\\\/cummingscentre.org\\\/wp-content\\\/uploads\\\/foundation-video1.jpg&quot;,&quot;id&quot;:54873,&quot;size&quot;:&quot;&quot;,&quot;alt&quot;:&quot;&quot;,&quot;source&quot;:&quot;library&quot;},&quot;lightbox&quot;:&quot;yes&quot;,&quot;_animation&quot;:&quot;fadeIn&quot;,&quot;_animation_delay&quot;:600,&quot;video_type&quot;:&quot;youtube&quot;,&quot;controls&quot;:&quot;yes&quot;}\" data-widget_type=\"video.default\">\n\t\t\t\t<div class=\"elementor-widget-container\">\n\t\t\t\t\t\t\t<div class=\"elementor-wrapper elementor-open-lightbox\">\n\t\t\t\t\t\t\t<div class=\"elementor-custom-embed-image-overlay\" data-elementor-open-lightbox=\"yes\" data-elementor-lightbox=\"{&quot;type&quot;:&quot;video&quot;,&quot;videoType&quot;:&quot;youtube&quot;,&quot;url&quot;:&quot;https:\\\/\\\/www.youtube.com\\\/embed\\\/CVk_PGEa01g?feature=oembed&amp;start&amp;end&amp;wmode=opaque&amp;loop=0&amp;controls=1&amp;mute=0&amp;rel=0&amp;cc_load_policy=0&quot;,&quot;autoplay&quot;:&quot;yes&quot;,&quot;modalOptions&quot;:{&quot;id&quot;:&quot;elementor-lightbox-c244ab3&quot;,&quot;entranceAnimation&quot;:&quot;&quot;,&quot;entranceAnimation_tablet&quot;:&quot;&quot;,&quot;entranceAnimation_mobile&quot;:&quot;&quot;,&quot;videoAspectRatio&quot;:&quot;169&quot;}}\" data-e-action-hash=\"#elementor-action%3Aaction%3Dlightbox%26settings%3DeyJ0eXBlIjoidmlkZW8iLCJ2aWRlb1R5cGUiOiJ5b3V0dWJlIiwidXJsIjoiaHR0cHM6XC9cL3d3dy55b3V0dWJlLmNvbVwvZW1iZWRcL0NWa19QR0VhMDFnP2ZlYXR1cmU9b2VtYmVkJnN0YXJ0JmVuZCZ3bW9kZT1vcGFxdWUmbG9vcD0wJmNvbnRyb2xzPTEmbXV0ZT0wJnJlbD0wJmNjX2xvYWRfcG9saWN5PTAiLCJhdXRvcGxheSI6InllcyIsIm1vZGFsT3B0aW9ucyI6eyJpZCI6ImVsZW1lbnRvci1saWdodGJveC1jMjQ0YWIzIiwiZW50cmFuY2VBbmltYXRpb24iOiIiLCJlbnRyYW5jZUFuaW1hdGlvbl90YWJsZXQiOiIiLCJlbnRyYW5jZUFuaW1hdGlvbl9tb2JpbGUiOiIiLCJ2aWRlb0FzcGVjdFJhdGlvIjoiMTY5In19\">\n\t\t\t\t\t\t\t\t\t\t\t<img decoding=\"async\" width=\"1240\" height=\"690\" src=\"https:\/\/cummingscentre.org\/wp-content\/uploads\/foundation-video1.jpg\" class=\"attachment-full size-full wp-image-54873\" alt=\"\" srcset=\"https:\/\/cummingscentre.org\/wp-content\/uploads\/foundation-video1.jpg 1240w, https:\/\/cummingscentre.org\/wp-content\/uploads\/foundation-video1-300x167.jpg 300w, https:\/\/cummingscentre.org\/wp-content\/uploads\/foundation-video1-1024x570.jpg 1024w, https:\/\/cummingscentre.org\/wp-content\/uploads\/foundation-video1-768x427.jpg 768w\" sizes=\"(max-width: 1240px) 100vw, 1240px\" \/>\t\t\t\t\t\t\t\t\t\t\t\t\t\t\t\t<div class=\"elementor-custom-embed-play\" role=\"button\" aria-label=\"Lire la vid\u00e9o\" tabindex=\"0\">\n\t\t\t\t\t\t\t<svg aria-hidden=\"true\" class=\"e-font-icon-svg e-eicon-play\" viewBox=\"0 0 1000 1000\" xmlns=\"http:\/\/www.w3.org\/2000\/svg\"><path d=\"M838 162C746 71 633 25 500 25 371 25 258 71 163 162 71 254 25 367 25 500 25 633 71 746 163 837 254 929 367 979 500 979 633 979 746 933 838 837 929 746 975 633 975 500 975 367 929 254 838 162M808 192C892 279 933 379 933 500 933 621 892 725 808 808 725 892 621 938 500 938 379 938 279 896 196 808 113 725 67 621 67 500 67 379 108 279 196 192 279 108 383 62 500 62 621 62 721 108 808 192M438 392V642L642 517 438 392Z\"><\/path><\/svg>\t\t\t\t\t\t<\/div>\n\t\t\t\t\t\t\t\t\t<\/div>\n\t\t\t\t\t<\/div>\n\t\t\t\t\t\t<\/div>\n\t\t\t\t<\/div>\n\t\t\t\t<div class=\"elementor-element elementor-element-90fbe4f elementor-widget elementor-widget-image\" data-id=\"90fbe4f\" data-element_type=\"widget\" data-e-type=\"widget\" data-widget_type=\"image.default\">\n\t\t\t\t<div class=\"elementor-widget-container\">\n\t\t\t\t\t\t\t\t\t\t\t\t\t\t\t<img decoding=\"async\" width=\"1200\" height=\"438\" src=\"https:\/\/cummingscentre.org\/wp-content\/uploads\/CJCS_Foundation_logo_2024-navy-1.jpg\" class=\"attachment-full size-full wp-image-51369\" alt=\"\" srcset=\"https:\/\/cummingscentre.org\/wp-content\/uploads\/CJCS_Foundation_logo_2024-navy-1.jpg 1200w, https:\/\/cummingscentre.org\/wp-content\/uploads\/CJCS_Foundation_logo_2024-navy-1-300x110.jpg 300w, https:\/\/cummingscentre.org\/wp-content\/uploads\/CJCS_Foundation_logo_2024-navy-1-1024x374.jpg 1024w, https:\/\/cummingscentre.org\/wp-content\/uploads\/CJCS_Foundation_logo_2024-navy-1-768x280.jpg 768w\" sizes=\"(max-width: 1200px) 100vw, 1200px\" \/>\t\t\t\t\t\t\t\t\t\t\t\t\t\t\t<\/div>\n\t\t\t\t<\/div>\n\t\t\t\t<\/div>\n\t\t\t\t\t<\/div>\n\t\t\t\t<\/div>\n\t\t\t\t<\/div>\n\t\t","protected":false},"excerpt":{"rendered":"<p>Fondation CJCA La Fondation du Centre Cummings recueille des fonds pour enrichir et pr\u00e9server la qualit\u00e9 de vie de la population croissante des personnes \u00e2g\u00e9es que sert le Centre Cummings. La Fondation consacre son \u00e9nergie \u00e0 amasser des fonds en vue d\u2019offrir des programmes et des services sociaux essentiels qui am\u00e9liorent et prot\u00e8gent le bien-\u00eatre de la communaut\u00e9 des personnes \u00e2g\u00e9es, en constante augmentation. Chaque ann\u00e9e, plus de 10 000 personnes \u00e2g\u00e9es b\u00e9n\u00e9ficient des fonds amass\u00e9s par notre Fondation. Un financement durable est essentiel au maintien des programmes et services cruciaux offerts par le Centre Cummings. Chaque dollar recueilli par la Fondation du Centre Cummings a un impact direct sur la vie des personnes \u00e2g\u00e9es de notre communaut\u00e9, apportant ainsi des changements significatifs. Pour en savoir davantage sur notre Fondation, rendez-vous \u00e0 : https:\/\/cjcsfoundation.org\/fr\/a-propos-de-notre-fondation\/ L&rsquo;importance de soutenir la Fondation du Centre Cummings L&rsquo;importance de soutenir la Fondation du Centre Cummings<\/p>\n","protected":false},"author":12,"featured_media":51364,"parent":0,"menu_order":0,"comment_status":"closed","ping_status":"closed","template":"","meta":{"footnotes":""},"class_list":["post-52171","page","type-page","status-publish","has-post-thumbnail","hentry"],"aioseo_notices":[],"_links":{"self":[{"href":"https:\/\/cummingscentre.org\/fr\/wp-json\/wp\/v2\/pages\/52171","targetHints":{"allow":["GET"]}}],"collection":[{"href":"https:\/\/cummingscentre.org\/fr\/wp-json\/wp\/v2\/pages"}],"about":[{"href":"https:\/\/cummingscentre.org\/fr\/wp-json\/wp\/v2\/types\/page"}],"author":[{"embeddable":true,"href":"https:\/\/cummingscentre.org\/fr\/wp-json\/wp\/v2\/users\/12"}],"replies":[{"embeddable":true,"href":"https:\/\/cummingscentre.org\/fr\/wp-json\/wp\/v2\/comments?post=52171"}],"version-history":[{"count":19,"href":"https:\/\/cummingscentre.org\/fr\/wp-json\/wp\/v2\/pages\/52171\/revisions"}],"predecessor-version":[{"id":54881,"href":"https:\/\/cummingscentre.org\/fr\/wp-json\/wp\/v2\/pages\/52171\/revisions\/54881"}],"wp:featuredmedia":[{"embeddable":true,"href":"https:\/\/cummingscentre.org\/fr\/wp-json\/wp\/v2\/media\/51364"}],"wp:attachment":[{"href":"https:\/\/cummingscentre.org\/fr\/wp-json\/wp\/v2\/media?parent=52171"}],"curies":[{"name":"wp","href":"https:\/\/api.w.org\/{rel}","templated":true}]}}