{"id":56163,"date":"2025-12-17T21:28:30","date_gmt":"2025-12-17T21:28:30","guid":{"rendered":"https:\/\/cummingscentre.org\/?page_id=56163"},"modified":"2025-12-19T16:54:49","modified_gmt":"2025-12-19T16:54:49","slug":"innovation-rencontre-tradition","status":"publish","type":"page","link":"https:\/\/cummingscentre.org\/fr\/innovation-rencontre-tradition\/","title":{"rendered":"L\u00e0 o\u00f9 l\u2019innovation rencontre la tradition"},"content":{"rendered":"\t\t<div data-elementor-type=\"wp-post\" data-elementor-id=\"56163\" class=\"elementor elementor-56163 elementor-56118\" data-elementor-post-type=\"page\">\n\t\t\t\t<div class=\"elementor-element elementor-element-df0b063 e-flex e-con-boxed wpr-particle-no wpr-jarallax-no wpr-parallax-no wpr-sticky-section-no e-con e-parent\" data-id=\"df0b063\" data-element_type=\"container\" data-e-type=\"container\" data-settings=\"{&quot;background_background&quot;:&quot;classic&quot;}\">\n\t\t\t\t\t<div class=\"e-con-inner\">\n\t\t\t\t<div class=\"elementor-element elementor-element-d3a0ca7 elementor-invisible elementor-widget elementor-widget-heading\" data-id=\"d3a0ca7\" data-element_type=\"widget\" data-e-type=\"widget\" data-settings=\"{&quot;_animation&quot;:&quot;fadeIn&quot;,&quot;_animation_delay&quot;:200}\" data-widget_type=\"heading.default\">\n\t\t\t\t<div class=\"elementor-widget-container\">\n\t\t\t\t\t<h2 class=\"elementor-heading-title elementor-size-default\">L\u00e0 o\u00f9 l\u2019innovation rencontre la tradition<\/h2>\t\t\t\t<\/div>\n\t\t\t\t<\/div>\n\t\t\t\t\t<\/div>\n\t\t\t\t<\/div>\n\t\t<div class=\"elementor-element elementor-element-0a746d5 e-flex e-con-boxed wpr-particle-no wpr-jarallax-no wpr-parallax-no wpr-sticky-section-no e-con e-parent\" data-id=\"0a746d5\" data-element_type=\"container\" data-e-type=\"container\">\n\t\t\t\t\t<div class=\"e-con-inner\">\n\t\t<div class=\"elementor-element elementor-element-5c0a6a0 e-con-full e-flex wpr-particle-no wpr-jarallax-no wpr-parallax-no wpr-sticky-section-no elementor-invisible e-con e-child\" data-id=\"5c0a6a0\" data-element_type=\"container\" data-e-type=\"container\" data-settings=\"{&quot;animation&quot;:&quot;fadeIn&quot;,&quot;animation_delay&quot;:200}\">\n\t\t\t\t<div class=\"elementor-element elementor-element-7ea1703 elementor-invisible elementor-widget elementor-widget-heading\" data-id=\"7ea1703\" data-element_type=\"widget\" data-e-type=\"widget\" data-settings=\"{&quot;_animation&quot;:&quot;fadeIn&quot;,&quot;_animation_delay&quot;:200}\" data-widget_type=\"heading.default\">\n\t\t\t\t<div class=\"elementor-widget-container\">\n\t\t\t\t\t<h2 class=\"elementor-heading-title elementor-size-default\">Inspirantes initiatives<\/h2>\t\t\t\t<\/div>\n\t\t\t\t<\/div>\n\t\t\t\t<div class=\"elementor-element elementor-element-236ab0c elementor-widget-divider--view-line elementor-invisible elementor-widget elementor-widget-divider\" data-id=\"236ab0c\" data-element_type=\"widget\" data-e-type=\"widget\" data-settings=\"{&quot;_animation&quot;:&quot;fadeIn&quot;,&quot;_animation_delay&quot;:400}\" data-widget_type=\"divider.default\">\n\t\t\t\t<div class=\"elementor-widget-container\">\n\t\t\t\t\t\t\t<div class=\"elementor-divider\">\n\t\t\t<span class=\"elementor-divider-separator\">\n\t\t\t\t\t\t<\/span>\n\t\t<\/div>\n\t\t\t\t\t\t<\/div>\n\t\t\t\t<\/div>\n\t\t\t\t<\/div>\n\t\t<div class=\"elementor-element elementor-element-547ed35 e-con-full e-flex wpr-particle-no wpr-jarallax-no wpr-parallax-no wpr-sticky-section-no e-con e-child\" data-id=\"547ed35\" data-element_type=\"container\" data-e-type=\"container\">\n\t\t<div class=\"elementor-element elementor-element-37e451c e-con-full e-flex wpr-particle-no wpr-jarallax-no wpr-parallax-no wpr-sticky-section-no e-con e-child\" data-id=\"37e451c\" data-element_type=\"container\" data-e-type=\"container\">\n\t\t<div class=\"elementor-element elementor-element-4bcc445 e-con-full e-flex wpr-particle-no wpr-jarallax-no wpr-parallax-no wpr-sticky-section-no e-con e-child\" data-id=\"4bcc445\" data-element_type=\"container\" data-e-type=\"container\">\n\t\t\t\t<div class=\"elementor-element elementor-element-8c6f67e elementor-invisible elementor-widget elementor-widget-text-editor\" data-id=\"8c6f67e\" data-element_type=\"widget\" data-e-type=\"widget\" data-settings=\"{&quot;_animation&quot;:&quot;fadeIn&quot;,&quot;_animation_delay&quot;:400}\" data-widget_type=\"text-editor.default\">\n\t\t\t\t<div class=\"elementor-widget-container\">\n\t\t\t\t\t\t\t\t\t<h3 data-pm-slice=\"1 1 []\"><strong>Parlons-en. Un regard neuf. Pour mettre fin \u00e0 l&rsquo;\u00e2gisme.\u00a0<\/strong><\/h3><p data-pm-slice=\"1 1 []\">Lanc\u00e9 en septembre 2025,\u00a0<em>Ageless<\/em>\u00a0est un nouveau documentaire qui met en lumi\u00e8re l\u2019\u00e2gisme et qui sensibilise \u00e0 l\u2019importance des relations interg\u00e9n\u00e9rationnelles. Le Centre Cummings s\u2019est associ\u00e9 au cin\u00e9aste montr\u00e9alais prim\u00e9 Joshua Dorsey pour cr\u00e9er ce film de 45 minutes, con\u00e7u pour confronter l\u2019\u00e2gisme et susciter des conversations enrichissantes. L\u2019\u00e9quipe qui a travaill\u00e9 aux c\u00f4t\u00e9s de Joshua comprenait\u00a0<a href=\"https:\/\/cummingscentre.org\/fr\/ceo\/\" data-uw-rm-brl=\"PR\" data-uw-original-href=\"https:\/\/cummingscentre.org\/fr\/ceo\/\">la directrice g\u00e9n\u00e9rale, Pauline Grunberg<\/a>, la responsable du\u00a0<a href=\"https:\/\/cummingscentre.org\/fr\/benevolat\/#action-sociale\" data-uw-rm-brl=\"PR\" data-uw-original-href=\"https:\/\/cummingscentre.org\/fr\/benevolat\/#action-sociale\">projet d\u2019Action Sociale<\/a>, la coordonnatrice Carrie Mazoff, ainsi que de nombreux b\u00e9n\u00e9voles d\u00e9vou\u00e9(e)s.<\/p>\t\t\t\t\t\t\t\t<\/div>\n\t\t\t\t<\/div>\n\t\t\t\t<div class=\"elementor-element elementor-element-7598c76 elementor-invisible elementor-widget elementor-widget-button\" data-id=\"7598c76\" data-element_type=\"widget\" data-e-type=\"widget\" data-settings=\"{&quot;_animation&quot;:&quot;fadeIn&quot;,&quot;_animation_delay&quot;:600}\" data-widget_type=\"button.default\">\n\t\t\t\t<div class=\"elementor-widget-container\">\n\t\t\t\t\t\t\t\t\t<div class=\"elementor-button-wrapper\">\n\t\t\t\t\t<a class=\"elementor-button elementor-button-link elementor-size-sm\" href=\"https:\/\/cummingscentre.org\/fr\/bridging-generations-innovation-meets-tradition\/\" target=\"_blank\">\n\t\t\t\t\t\t<span class=\"elementor-button-content-wrapper\">\n\t\t\t\t\t\t<span class=\"elementor-button-icon\">\n\t\t\t\t<svg aria-hidden=\"true\" class=\"e-font-icon-svg e-fas-arrow-right\" viewBox=\"0 0 448 512\" xmlns=\"http:\/\/www.w3.org\/2000\/svg\"><path d=\"M190.5 66.9l22.2-22.2c9.4-9.4 24.6-9.4 33.9 0L441 239c9.4 9.4 9.4 24.6 0 33.9L246.6 467.3c-9.4 9.4-24.6 9.4-33.9 0l-22.2-22.2c-9.5-9.5-9.3-25 .4-34.3L311.4 296H24c-13.3 0-24-10.7-24-24v-32c0-13.3 10.7-24 24-24h287.4L190.9 101.2c-9.8-9.3-10-24.8-.4-34.3z\"><\/path><\/svg>\t\t\t<\/span>\n\t\t\t\t\t\t\t\t\t<span class=\"elementor-button-text\">Lire plus<\/span>\n\t\t\t\t\t<\/span>\n\t\t\t\t\t<\/a>\n\t\t\t\t<\/div>\n\t\t\t\t\t\t\t\t<\/div>\n\t\t\t\t<\/div>\n\t\t\t\t<\/div>\n\t\t\t\t<\/div>\n\t\t<div class=\"elementor-element elementor-element-e0d252c e-con-full e-flex wpr-particle-no wpr-jarallax-no wpr-parallax-no wpr-sticky-section-no elementor-invisible e-con e-child\" data-id=\"e0d252c\" data-element_type=\"container\" data-e-type=\"container\" data-settings=\"{&quot;animation&quot;:&quot;fadeInRight&quot;,&quot;animation_delay&quot;:600}\">\n\t\t\t\t<div class=\"elementor-element elementor-element-f140f27 elementor-widget elementor-widget-image\" data-id=\"f140f27\" data-element_type=\"widget\" data-e-type=\"widget\" data-widget_type=\"image.default\">\n\t\t\t\t<div class=\"elementor-widget-container\">\n\t\t\t\t\t\t\t\t\t\t\t\t\t\t\t<img fetchpriority=\"high\" decoding=\"async\" width=\"800\" height=\"599\" src=\"https:\/\/cummingscentre.org\/wp-content\/uploads\/ageless-innovation.jpg\" class=\"attachment-full size-full wp-image-56103\" alt=\"\" srcset=\"https:\/\/cummingscentre.org\/wp-content\/uploads\/ageless-innovation.jpg 800w, https:\/\/cummingscentre.org\/wp-content\/uploads\/ageless-innovation-300x225.jpg 300w, https:\/\/cummingscentre.org\/wp-content\/uploads\/ageless-innovation-768x575.jpg 768w\" sizes=\"(max-width: 800px) 100vw, 800px\" \/>\t\t\t\t\t\t\t\t\t\t\t\t\t\t\t<\/div>\n\t\t\t\t<\/div>\n\t\t\t\t<\/div>\n\t\t\t\t<\/div>\n\t\t\t\t\t<\/div>\n\t\t\t\t<\/div>\n\t\t<div class=\"elementor-element elementor-element-ef68d5e e-flex e-con-boxed wpr-particle-no wpr-jarallax-no wpr-parallax-no wpr-sticky-section-no e-con e-parent\" data-id=\"ef68d5e\" data-element_type=\"container\" data-e-type=\"container\" id=\"group-fitness\" data-settings=\"{&quot;background_background&quot;:&quot;classic&quot;}\">\n\t\t\t\t\t<div class=\"e-con-inner\">\n\t\t<div class=\"elementor-element elementor-element-7756223 e-con-full elementor-hidden-desktop elementor-hidden-tablet elementor-hidden-mobile e-flex wpr-particle-no wpr-jarallax-no wpr-parallax-no wpr-sticky-section-no elementor-invisible e-con e-child\" data-id=\"7756223\" data-element_type=\"container\" data-e-type=\"container\" data-settings=\"{&quot;animation&quot;:&quot;fadeIn&quot;,&quot;animation_delay&quot;:200}\">\n\t\t\t\t<div class=\"elementor-element elementor-element-577e91c elementor-invisible elementor-widget elementor-widget-heading\" data-id=\"577e91c\" data-element_type=\"widget\" data-e-type=\"widget\" data-settings=\"{&quot;_animation&quot;:&quot;fadeIn&quot;,&quot;_animation_delay&quot;:200}\" data-widget_type=\"heading.default\">\n\t\t\t\t<div class=\"elementor-widget-container\">\n\t\t\t\t\t<h2 class=\"elementor-heading-title elementor-size-default\">Crafting Legacies<\/h2>\t\t\t\t<\/div>\n\t\t\t\t<\/div>\n\t\t\t\t<div class=\"elementor-element elementor-element-3a80ddc elementor-widget-divider--view-line elementor-invisible elementor-widget elementor-widget-divider\" data-id=\"3a80ddc\" data-element_type=\"widget\" data-e-type=\"widget\" data-settings=\"{&quot;_animation&quot;:&quot;fadeIn&quot;,&quot;_animation_delay&quot;:400}\" data-widget_type=\"divider.default\">\n\t\t\t\t<div class=\"elementor-widget-container\">\n\t\t\t\t\t\t\t<div class=\"elementor-divider\">\n\t\t\t<span class=\"elementor-divider-separator\">\n\t\t\t\t\t\t<\/span>\n\t\t<\/div>\n\t\t\t\t\t\t<\/div>\n\t\t\t\t<\/div>\n\t\t\t\t<\/div>\n\t\t<div class=\"elementor-element elementor-element-cd744f4 e-con-full e-flex wpr-particle-no wpr-jarallax-no wpr-parallax-no wpr-sticky-section-no e-con e-child\" data-id=\"cd744f4\" data-element_type=\"container\" data-e-type=\"container\">\n\t\t<div class=\"elementor-element elementor-element-b7be528 e-con-full e-flex wpr-particle-no wpr-jarallax-no wpr-parallax-no wpr-sticky-section-no e-con e-child\" data-id=\"b7be528\" data-element_type=\"container\" data-e-type=\"container\">\n\t\t<div class=\"elementor-element elementor-element-e69251d e-con-full e-flex wpr-particle-no wpr-jarallax-no wpr-parallax-no wpr-sticky-section-no e-con e-child\" data-id=\"e69251d\" data-element_type=\"container\" data-e-type=\"container\">\n\t\t\t\t<div class=\"elementor-element elementor-element-070706f elementor-invisible elementor-widget elementor-widget-text-editor\" data-id=\"070706f\" data-element_type=\"widget\" data-e-type=\"widget\" data-settings=\"{&quot;_animation&quot;:&quot;fadeIn&quot;,&quot;_animation_delay&quot;:400}\" data-widget_type=\"text-editor.default\">\n\t\t\t\t<div class=\"elementor-widget-container\">\n\t\t\t\t\t\t\t\t\t<h3 role=\"heading\" aria-level=\"4\" data-uw-rm-heading=\"level\"><strong>Cr\u00e9er des h\u00e9ritages \u2013 Unir les g\u00e9n\u00e9rations gr\u00e2ce \u00e0 la menuiserie<\/strong><\/h3><p>Les projets interg\u00e9n\u00e9rationnels jouent un r\u00f4le essentiel pour favoriser les liens entre les g\u00e9n\u00e9rations, relever les d\u00e9fis sociaux et enrichir notre vie communautaire. Le Centre Cummings continue de\u00a0<a href=\"https:\/\/cummingscentre.org\/fr\/occasions-de-benevolat\/#intergenerationnel\" data-uw-rm-brl=\"PR\" data-uw-original-href=\"https:\/\/cummingscentre.org\/fr\/occasions-de-benevolat\/#intergenerationnel\">rassembler jeunes et a\u00een\u00e9(e)s<\/a>\u00a0\u00e0 travers des activit\u00e9s partag\u00e9es, offrant des occasions d\u2019apprentissage mutuel, de compr\u00e9hension et de collaboration.<\/p><p>En mars 2025, en partenariat avec le Centre Cummings, les \u00e9l\u00e8ves de Herzliah ont fi\u00e8rement conclu leur parcours dans le projet\u00a0<em>\u00ab\u00a0<\/em><a href=\"https:\/\/www.facebook.com\/cummingscentre\/posts\/1059016412930801\" data-uw-rm-brl=\"PR\" data-uw-original-href=\"https:\/\/www.facebook.com\/cummingscentre\/posts\/1059016412930801\">Tisser des h\u00e9ritages \u2013 Unir les g\u00e9n\u00e9rations par l\u2019art du travail du bois<\/a>\u00a0<em>\u00bb<\/em>. Cette exp\u00e9rience interg\u00e9n\u00e9rationnelle unique les a r\u00e9uni(e)s avec des a\u00een\u00e9(e)s b\u00e9n\u00e9voles pour partager comp\u00e9tences, histoires et rires \u2013 et surtout, pour construire des souvenirs inoubliables. Un grand merci \u00e0 Herzliah, \u00e0 la premi\u00e8re cohorte d\u2019\u00e9l\u00e8ves, \u00e0 nos bailleurs de fonds \u2014 la Fondation communautaire juive (soutenant la subvention Nova) et le Fonds canadien pour l\u2019action culturelle communautaire de Patrimoine canadien \u2014 ainsi qu\u2019\u00e0 tous les mentors et organisateurs d\u00e9vou\u00e9s qui ont rendu cette exp\u00e9rience inspirante possible.<\/p>\t\t\t\t\t\t\t\t<\/div>\n\t\t\t\t<\/div>\n\t\t\t\t<div class=\"elementor-element elementor-element-ec57a72 elementor-invisible elementor-widget elementor-widget-text-editor\" data-id=\"ec57a72\" data-element_type=\"widget\" data-e-type=\"widget\" data-settings=\"{&quot;_animation&quot;:&quot;fadeIn&quot;,&quot;_animation_delay&quot;:400}\" data-widget_type=\"text-editor.default\">\n\t\t\t\t<div class=\"elementor-widget-container\">\n\t\t\t\t\t\t\t\t\t<p>Pour en savoir plus sur nos projets interg\u00e9n\u00e9rationnels, contactez :\u00a0<\/p>\t\t\t\t\t\t\t\t<\/div>\n\t\t\t\t<\/div>\n\t\t\t\t<div class=\"elementor-element elementor-element-b6a081f elementor-invisible elementor-widget elementor-widget-button\" data-id=\"b6a081f\" data-element_type=\"widget\" data-e-type=\"widget\" data-settings=\"{&quot;_animation&quot;:&quot;fadeInUp&quot;,&quot;_animation_delay&quot;:600}\" data-widget_type=\"button.default\">\n\t\t\t\t<div class=\"elementor-widget-container\">\n\t\t\t\t\t\t\t\t\t<div class=\"elementor-button-wrapper\">\n\t\t\t\t\t<a class=\"elementor-button elementor-button-link elementor-size-sm\" href=\"mailto:carrie.mazoff@cummingscentre.org\">\n\t\t\t\t\t\t<span class=\"elementor-button-content-wrapper\">\n\t\t\t\t\t\t\t\t\t<span class=\"elementor-button-text\">carrie.mazoff@cummingscentre.org<\/span>\n\t\t\t\t\t<\/span>\n\t\t\t\t\t<\/a>\n\t\t\t\t<\/div>\n\t\t\t\t\t\t\t\t<\/div>\n\t\t\t\t<\/div>\n\t\t\t\t<\/div>\n\t\t\t\t<\/div>\n\t\t<div class=\"elementor-element elementor-element-db5db8d e-con-full e-flex wpr-particle-no wpr-jarallax-no wpr-parallax-no wpr-sticky-section-no elementor-invisible e-con e-child\" data-id=\"db5db8d\" data-element_type=\"container\" data-e-type=\"container\" data-settings=\"{&quot;animation&quot;:&quot;fadeInRight&quot;,&quot;animation_delay&quot;:600}\">\n\t\t\t\t<div class=\"elementor-element elementor-element-f6e8f85 elementor-widget elementor-widget-image\" data-id=\"f6e8f85\" data-element_type=\"widget\" data-e-type=\"widget\" data-widget_type=\"image.default\">\n\t\t\t\t<div class=\"elementor-widget-container\">\n\t\t\t\t\t\t\t\t\t\t\t\t\t\t\t<img decoding=\"async\" width=\"800\" height=\"599\" src=\"https:\/\/cummingscentre.org\/wp-content\/uploads\/Innovation-meets-Tradition.png\" class=\"attachment-full size-full wp-image-56124\" alt=\"\" srcset=\"https:\/\/cummingscentre.org\/wp-content\/uploads\/Innovation-meets-Tradition.png 800w, https:\/\/cummingscentre.org\/wp-content\/uploads\/Innovation-meets-Tradition-300x225.png 300w, https:\/\/cummingscentre.org\/wp-content\/uploads\/Innovation-meets-Tradition-768x575.png 768w\" sizes=\"(max-width: 800px) 100vw, 800px\" \/>\t\t\t\t\t\t\t\t\t\t\t\t\t\t\t<\/div>\n\t\t\t\t<\/div>\n\t\t\t\t<\/div>\n\t\t\t\t<\/div>\n\t\t\t\t\t<\/div>\n\t\t\t\t<\/div>\n\t\t<div class=\"elementor-element elementor-element-857e1ef e-flex e-con-boxed wpr-particle-no wpr-jarallax-no wpr-parallax-no wpr-sticky-section-no e-con e-parent\" data-id=\"857e1ef\" data-element_type=\"container\" data-e-type=\"container\" id=\"personal-training\">\n\t\t\t\t\t<div class=\"e-con-inner\">\n\t\t<div class=\"elementor-element elementor-element-35dcfa9 e-con-full elementor-hidden-desktop elementor-hidden-tablet elementor-hidden-mobile e-flex wpr-particle-no wpr-jarallax-no wpr-parallax-no wpr-sticky-section-no elementor-invisible e-con e-child\" data-id=\"35dcfa9\" data-element_type=\"container\" data-e-type=\"container\" data-settings=\"{&quot;animation&quot;:&quot;fadeIn&quot;,&quot;animation_delay&quot;:200}\">\n\t\t\t\t<div class=\"elementor-element elementor-element-f2507e8 elementor-invisible elementor-widget elementor-widget-heading\" data-id=\"f2507e8\" data-element_type=\"widget\" data-e-type=\"widget\" data-settings=\"{&quot;_animation&quot;:&quot;fadeIn&quot;,&quot;_animation_delay&quot;:200}\" data-widget_type=\"heading.default\">\n\t\t\t\t<div class=\"elementor-widget-container\">\n\t\t\t\t\t<h2 class=\"elementor-heading-title elementor-size-default\">Frauds and Scams<\/h2>\t\t\t\t<\/div>\n\t\t\t\t<\/div>\n\t\t\t\t<div class=\"elementor-element elementor-element-cf0bd81 elementor-widget-divider--view-line elementor-invisible elementor-widget elementor-widget-divider\" data-id=\"cf0bd81\" data-element_type=\"widget\" data-e-type=\"widget\" data-settings=\"{&quot;_animation&quot;:&quot;fadeIn&quot;,&quot;_animation_delay&quot;:400}\" data-widget_type=\"divider.default\">\n\t\t\t\t<div class=\"elementor-widget-container\">\n\t\t\t\t\t\t\t<div class=\"elementor-divider\">\n\t\t\t<span class=\"elementor-divider-separator\">\n\t\t\t\t\t\t<\/span>\n\t\t<\/div>\n\t\t\t\t\t\t<\/div>\n\t\t\t\t<\/div>\n\t\t\t\t<\/div>\n\t\t<div class=\"elementor-element elementor-element-580e0e4 e-con-full e-flex wpr-particle-no wpr-jarallax-no wpr-parallax-no wpr-sticky-section-no e-con e-child\" data-id=\"580e0e4\" data-element_type=\"container\" data-e-type=\"container\">\n\t\t<div class=\"elementor-element elementor-element-ca6212b e-con-full e-flex wpr-particle-no wpr-jarallax-no wpr-parallax-no wpr-sticky-section-no e-con e-child\" data-id=\"ca6212b\" data-element_type=\"container\" data-e-type=\"container\">\n\t\t<div class=\"elementor-element elementor-element-6fa3d5f e-con-full e-flex wpr-particle-no wpr-jarallax-no wpr-parallax-no wpr-sticky-section-no e-con e-child\" data-id=\"6fa3d5f\" data-element_type=\"container\" data-e-type=\"container\">\n\t\t\t\t<div class=\"elementor-element elementor-element-6f8d319 elementor-invisible elementor-widget elementor-widget-text-editor\" data-id=\"6f8d319\" data-element_type=\"widget\" data-e-type=\"widget\" data-settings=\"{&quot;_animation&quot;:&quot;fadeIn&quot;,&quot;_animation_delay&quot;:400}\" data-widget_type=\"text-editor.default\">\n\t\t\t\t<div class=\"elementor-widget-container\">\n\t\t\t\t\t\t\t\t\t<h3 data-pm-slice=\"1 1 []\"><strong>S\u00e9rie de conf\u00e9rences sur les fraudes et arnaques<\/strong><\/h3><p data-pm-slice=\"0 0 []\">Une initiative visant \u00e0 sensibiliser \u00e0 la menace croissante des fraudes et des arnaques qui ciblent les personnes a\u00een\u00e9es vuln\u00e9rables, en particulier au sein de la minorit\u00e9 anglophone du Qu\u00e9bec.<\/p><p><em>Gr\u00e2ce au g\u00e9n\u00e9reux financement d\u2019Emploi et D\u00e9veloppement social Canada, par l\u2019entremise du programme Nouveaux Horizons pour les a\u00een\u00e9s (PNHA), nous sommes en mesure d\u2019offrir le Programme de formation sur la pr\u00e9vention de la fraude \u00e0 l\u2019intention des a\u00een\u00e9s.<\/em><\/p>\t\t\t\t\t\t\t\t<\/div>\n\t\t\t\t<\/div>\n\t\t\t\t<div class=\"elementor-element elementor-element-4d8f7e9 elementor-invisible elementor-widget elementor-widget-button\" data-id=\"4d8f7e9\" data-element_type=\"widget\" data-e-type=\"widget\" data-settings=\"{&quot;_animation&quot;:&quot;fadeIn&quot;,&quot;_animation_delay&quot;:600}\" data-widget_type=\"button.default\">\n\t\t\t\t<div class=\"elementor-widget-container\">\n\t\t\t\t\t\t\t\t\t<div class=\"elementor-button-wrapper\">\n\t\t\t\t\t<a class=\"elementor-button elementor-button-link elementor-size-sm\" href=\"https:\/\/cummingscentre.org\/fr\/benevolat\/#action-sociale\" target=\"_blank\">\n\t\t\t\t\t\t<span class=\"elementor-button-content-wrapper\">\n\t\t\t\t\t\t<span class=\"elementor-button-icon\">\n\t\t\t\t<svg aria-hidden=\"true\" class=\"e-font-icon-svg e-fas-arrow-right\" viewBox=\"0 0 448 512\" xmlns=\"http:\/\/www.w3.org\/2000\/svg\"><path d=\"M190.5 66.9l22.2-22.2c9.4-9.4 24.6-9.4 33.9 0L441 239c9.4 9.4 9.4 24.6 0 33.9L246.6 467.3c-9.4 9.4-24.6 9.4-33.9 0l-22.2-22.2c-9.5-9.5-9.3-25 .4-34.3L311.4 296H24c-13.3 0-24-10.7-24-24v-32c0-13.3 10.7-24 24-24h287.4L190.9 101.2c-9.8-9.3-10-24.8-.4-34.3z\"><\/path><\/svg>\t\t\t<\/span>\n\t\t\t\t\t\t\t\t\t<span class=\"elementor-button-text\">Pour en savoir davantage le comit\u00e9 d\u2019action sociale du Centre Cummings <\/span>\n\t\t\t\t\t<\/span>\n\t\t\t\t\t<\/a>\n\t\t\t\t<\/div>\n\t\t\t\t\t\t\t\t<\/div>\n\t\t\t\t<\/div>\n\t\t\t\t<\/div>\n\t\t\t\t<\/div>\n\t\t<div class=\"elementor-element elementor-element-1bf3887 e-con-full e-flex wpr-particle-no wpr-jarallax-no wpr-parallax-no wpr-sticky-section-no elementor-invisible e-con e-child\" data-id=\"1bf3887\" data-element_type=\"container\" data-e-type=\"container\" data-settings=\"{&quot;animation&quot;:&quot;fadeInRight&quot;,&quot;animation_delay&quot;:600}\">\n\t\t\t\t<div class=\"elementor-element elementor-element-7459544 elementor-widget elementor-widget-image\" data-id=\"7459544\" data-element_type=\"widget\" data-e-type=\"widget\" data-widget_type=\"image.default\">\n\t\t\t\t<div class=\"elementor-widget-container\">\n\t\t\t\t\t\t\t\t\t\t\t\t\t\t\t<img decoding=\"async\" width=\"800\" height=\"599\" src=\"https:\/\/cummingscentre.org\/wp-content\/uploads\/social-action-web.jpg\" class=\"attachment-full size-full wp-image-56126\" alt=\"\" srcset=\"https:\/\/cummingscentre.org\/wp-content\/uploads\/social-action-web.jpg 800w, https:\/\/cummingscentre.org\/wp-content\/uploads\/social-action-web-300x225.jpg 300w, https:\/\/cummingscentre.org\/wp-content\/uploads\/social-action-web-768x575.jpg 768w\" sizes=\"(max-width: 800px) 100vw, 800px\" \/>\t\t\t\t\t\t\t\t\t\t\t\t\t\t\t<\/div>\n\t\t\t\t<\/div>\n\t\t\t\t<\/div>\n\t\t\t\t<\/div>\n\t\t\t\t\t<\/div>\n\t\t\t\t<\/div>\n\t\t\t\t<\/div>\n\t\t","protected":false},"excerpt":{"rendered":"<p>L\u00e0 o\u00f9 l\u2019innovation rencontre la tradition Inspirantes initiatives Parlons-en. Un regard neuf. Pour mettre fin \u00e0 l&rsquo;\u00e2gisme.\u00a0 Lanc\u00e9 en septembre 2025,\u00a0Ageless\u00a0est un nouveau documentaire qui met en lumi\u00e8re l\u2019\u00e2gisme et qui sensibilise \u00e0 l\u2019importance des relations interg\u00e9n\u00e9rationnelles. Le Centre Cummings s\u2019est associ\u00e9 au cin\u00e9aste montr\u00e9alais prim\u00e9 Joshua Dorsey pour cr\u00e9er ce film de 45 minutes, con\u00e7u pour confronter l\u2019\u00e2gisme et susciter des conversations enrichissantes. L\u2019\u00e9quipe qui a travaill\u00e9 aux c\u00f4t\u00e9s de Joshua comprenait\u00a0la directrice g\u00e9n\u00e9rale, Pauline Grunberg, la responsable du\u00a0projet d\u2019Action Sociale, la coordonnatrice Carrie Mazoff, ainsi que de nombreux b\u00e9n\u00e9voles d\u00e9vou\u00e9(e)s. Lire plus Crafting Legacies Cr\u00e9er des h\u00e9ritages \u2013 Unir les g\u00e9n\u00e9rations gr\u00e2ce \u00e0 la menuiserie Les projets interg\u00e9n\u00e9rationnels jouent un r\u00f4le essentiel pour favoriser les liens entre les g\u00e9n\u00e9rations, relever les d\u00e9fis sociaux et enrichir notre vie communautaire. Le Centre Cummings continue de\u00a0rassembler jeunes et a\u00een\u00e9(e)s\u00a0\u00e0 travers des activit\u00e9s partag\u00e9es, offrant des occasions d\u2019apprentissage mutuel, de compr\u00e9hension et de collaboration. En mars 2025, en partenariat avec le Centre Cummings, les \u00e9l\u00e8ves de Herzliah ont fi\u00e8rement conclu leur parcours dans le projet\u00a0\u00ab\u00a0Tisser des h\u00e9ritages \u2013 Unir les g\u00e9n\u00e9rations par l\u2019art du travail du bois\u00a0\u00bb. Cette exp\u00e9rience interg\u00e9n\u00e9rationnelle unique les a r\u00e9uni(e)s avec des a\u00een\u00e9(e)s b\u00e9n\u00e9voles pour partager comp\u00e9tences, histoires et rires \u2013 et surtout, pour construire des souvenirs inoubliables. Un grand merci \u00e0 Herzliah, \u00e0 la premi\u00e8re cohorte d\u2019\u00e9l\u00e8ves, \u00e0 nos bailleurs de fonds \u2014 la Fondation communautaire juive (soutenant la subvention Nova) et le Fonds canadien pour l\u2019action culturelle communautaire de Patrimoine canadien \u2014 ainsi qu\u2019\u00e0 tous les mentors et organisateurs d\u00e9vou\u00e9s qui ont rendu cette exp\u00e9rience inspirante possible. Pour en savoir plus sur nos projets interg\u00e9n\u00e9rationnels, contactez :\u00a0 carrie.mazoff@cummingscentre.org Frauds and Scams S\u00e9rie de conf\u00e9rences sur les fraudes et arnaques Une initiative visant \u00e0 sensibiliser \u00e0 la menace croissante des fraudes et des arnaques qui ciblent les personnes a\u00een\u00e9es vuln\u00e9rables, en particulier au sein de la minorit\u00e9 anglophone du Qu\u00e9bec. Gr\u00e2ce au g\u00e9n\u00e9reux financement d\u2019Emploi et D\u00e9veloppement social Canada, par l\u2019entremise du programme Nouveaux Horizons pour les a\u00een\u00e9s (PNHA), nous sommes en mesure d\u2019offrir le Programme de formation sur la pr\u00e9vention de la fraude \u00e0 l\u2019intention des a\u00een\u00e9s. Pour en savoir davantage le comit\u00e9 d\u2019action sociale du Centre Cummings<\/p>\n","protected":false},"author":17,"featured_media":56124,"parent":0,"menu_order":0,"comment_status":"closed","ping_status":"closed","template":"","meta":{"footnotes":""},"class_list":["post-56163","page","type-page","status-publish","has-post-thumbnail","hentry"],"aioseo_notices":[],"_links":{"self":[{"href":"https:\/\/cummingscentre.org\/fr\/wp-json\/wp\/v2\/pages\/56163","targetHints":{"allow":["GET"]}}],"collection":[{"href":"https:\/\/cummingscentre.org\/fr\/wp-json\/wp\/v2\/pages"}],"about":[{"href":"https:\/\/cummingscentre.org\/fr\/wp-json\/wp\/v2\/types\/page"}],"author":[{"embeddable":true,"href":"https:\/\/cummingscentre.org\/fr\/wp-json\/wp\/v2\/users\/17"}],"replies":[{"embeddable":true,"href":"https:\/\/cummingscentre.org\/fr\/wp-json\/wp\/v2\/comments?post=56163"}],"version-history":[{"count":21,"href":"https:\/\/cummingscentre.org\/fr\/wp-json\/wp\/v2\/pages\/56163\/revisions"}],"predecessor-version":[{"id":56214,"href":"https:\/\/cummingscentre.org\/fr\/wp-json\/wp\/v2\/pages\/56163\/revisions\/56214"}],"wp:featuredmedia":[{"embeddable":true,"href":"https:\/\/cummingscentre.org\/fr\/wp-json\/wp\/v2\/media\/56124"}],"wp:attachment":[{"href":"https:\/\/cummingscentre.org\/fr\/wp-json\/wp\/v2\/media?parent=56163"}],"curies":[{"name":"wp","href":"https:\/\/api.w.org\/{rel}","templated":true}]}}